{"id":170,"date":"2024-03-01T10:07:54","date_gmt":"2024-03-01T10:07:54","guid":{"rendered":"https:\/\/landen.ee\/?page_id=170"},"modified":"2026-04-30T11:09:06","modified_gmt":"2026-04-30T11:09:06","slug":"investeeri-kinnisvarasse","status":"publish","type":"page","link":"https:\/\/landen.ee\/en\/investeeri-kinnisvarasse\/","title":{"rendered":"For investors"},"content":{"rendered":"<section class=\"bde-section-170-157 bde-section\">\n  \n  \n\t\n\n\n\n<div class=\"section-container\"><div class=\"bde-columns-170-158 bde-columns\"><div class=\"bde-column-170-159 bde-column\">\n  \n  \n\t\n\n\n\n<div class=\"bde-rich-text-170-160 bde-rich-text breakdance-rich-text-styles\">\n<h1>For investors<\/h1><p><span style=\"font-weight: 400;\">The Landen Real Estate team is made up of experienced and dedicated professionals who combine years of expertise with innovative thinking to offer the best solutions in real estate development. Our key strengths include energy efficiency, expertise in effective and sustainable construction, proficiency in design, and long-term experience in the real estate sector.<\/span><\/p><ul><li style=\"font-weight: 400;\" aria-level=\"1\"><span style=\"font-weight: 400;\">An ideal opportunity to invest in an Estonian capital-based development company<\/span><\/li><li style=\"font-weight: 400;\" aria-level=\"1\"><span style=\"font-weight: 400;\">Potential to earn an annual return of 10-15%<\/span><\/li><li style=\"font-weight: 400;\" aria-level=\"1\"><span style=\"font-weight: 400;\">Invest from \u20ac10,000 with the flexibility to invest as much or as little as you wish<\/span><\/li><\/ul><p><span style=\"font-weight: 400;\">By investing in Landen kinnisvara projects, you support the growth of local businesses and contribute to the future of Estonia\u2019s real estate market.\u00a0<\/span><\/p><p><span style=\"font-weight: 400;\">Get in touch to learn more about the opportunities and projects we offer.<\/span><\/p>\n<\/div><div class=\"bde-div-170-161 bde-div\">\n  \n  \n\t\n\n\n\n<div class=\"bde-button-170-162 bde-button\">\n        \n    \n    \n    \n    \n            \n                    \n            \n                           \n                       \n                 \n\n    \n    \n    \n                    \n    \n    <a class=\"breakdance-link button-atom button-atom--secondary bde-button__button\" href=\"#\" target=\"_self\" data-type=\"action\"  data-action='{\"type\":\"popup\",\"popupOptions\":{\"popupId\":\"213\",\"popupAction\":\"open\"}}' >\n\n    \n        <span class=\"button-atom__text\">Join us<\/span>\n\n        \n        \n                <\/a>\n\n    \n\n\n<\/div>\n<\/div>\n<\/div><div class=\"bde-column-170-163 bde-column\">\n  \n  \n\t\n\n\n\n\n<\/div><\/div><\/div>\n<\/section>","protected":false},"excerpt":{"rendered":"<p>InvestorileLanden kinnisvara projektid on rohkem kui tuleviku elukoht v\u00f5i \u00e4ripind \u2013 pakume ka\u00a0 investeerimisv\u00f5imalusi. Oleme p\u00fchendunud j\u00e4tkusuutlike ja energiat\u00f5husate lahenduste v\u00e4ljat\u00f6\u00f6tamisele, mis kujutavad endas tootlikku investeeringut.Ideaalne v\u00f5imalus investeerida Eesti kapitalil p\u00f5hinevasse arendusettev\u00f5ttessePotentsiaal teenida 10-15% aastatootlustV\u00f5imalik investeerida alates 10\u00a0000 eurost nii palju v\u00f5i v\u00e4he kui ise soovidInvesteerides Landen kinnisvara projektidesse, toetate kohaliku ettev\u00f5tluse arengut ning panustate [&hellip;]<\/p>\n","protected":false},"author":2,"featured_media":0,"parent":0,"menu_order":0,"comment_status":"closed","ping_status":"closed","template":"","meta":{"_acf_changed":false,"_breakdance_hide_in_design_set":false,"_breakdance_tags":"","footnotes":""},"class_list":["post-170","page","type-page","status-publish","hentry"],"acf":[],"yoast_head":"<!-- This site is optimized with the Yoast SEO plugin v27.6 - https:\/\/yoast.com\/product\/yoast-seo-wordpress\/ -->\n<title>Investorile - Landen kinnisvara<\/title>\n<meta name=\"description\" content=\"Investeeri Eesti kapitalil p\u00f5hinevasse arendusettev\u00f5ttesse. V\u00f5imalik teenida 10-15% aastatootlust. Summad alates 10 000\u20ac.\" \/>\n<meta name=\"robots\" content=\"index, follow, max-snippet:-1, max-image-preview:large, max-video-preview:-1\" \/>\n<link rel=\"canonical\" href=\"https:\/\/landen.ee\/en\/investeeri-kinnisvarasse\/\" \/>\n<meta property=\"og:locale\" content=\"en_GB\" \/>\n<meta property=\"og:type\" content=\"article\" \/>\n<meta property=\"og:title\" content=\"Investorile - Landen kinnisvara\" \/>\n<meta property=\"og:description\" content=\"Investeeri Eesti kapitalil p\u00f5hinevasse arendusettev\u00f5ttesse. V\u00f5imalik teenida 10-15% aastatootlust. Summad alates 10 000\u20ac.\" \/>\n<meta property=\"og:url\" content=\"https:\/\/landen.ee\/en\/investeeri-kinnisvarasse\/\" \/>\n<meta property=\"og:site_name\" content=\"Landen kinnisvara\" \/>\n<meta property=\"article:modified_time\" content=\"2026-04-30T11:09:06+00:00\" \/>\n<meta name=\"twitter:card\" content=\"summary_large_image\" \/>\n<meta name=\"twitter:label1\" content=\"Estimated reading time\" \/>\n\t<meta name=\"twitter:data1\" content=\"1 minute\" \/>\n<script type=\"application\/ld+json\" class=\"yoast-schema-graph\">{\"@context\":\"https:\\\/\\\/schema.org\",\"@graph\":[{\"@type\":\"WebPage\",\"@id\":\"https:\\\/\\\/landen.ee\\\/investeeri-kinnisvarasse\\\/\",\"url\":\"https:\\\/\\\/landen.ee\\\/investeeri-kinnisvarasse\\\/\",\"name\":\"Investorile - Landen kinnisvara\",\"isPartOf\":{\"@id\":\"https:\\\/\\\/landen.ee\\\/#website\"},\"datePublished\":\"2024-03-01T10:07:54+00:00\",\"dateModified\":\"2026-04-30T11:09:06+00:00\",\"description\":\"Investeeri Eesti kapitalil p\u00f5hinevasse arendusettev\u00f5ttesse. V\u00f5imalik teenida 10-15% aastatootlust. Summad alates 10 000\u20ac.\",\"breadcrumb\":{\"@id\":\"https:\\\/\\\/landen.ee\\\/investeeri-kinnisvarasse\\\/#breadcrumb\"},\"inLanguage\":\"en-GB\",\"potentialAction\":[{\"@type\":\"ReadAction\",\"target\":[\"https:\\\/\\\/landen.ee\\\/investeeri-kinnisvarasse\\\/\"]}]},{\"@type\":\"BreadcrumbList\",\"@id\":\"https:\\\/\\\/landen.ee\\\/investeeri-kinnisvarasse\\\/#breadcrumb\",\"itemListElement\":[{\"@type\":\"ListItem\",\"position\":1,\"name\":\"Home\",\"item\":\"https:\\\/\\\/landen.ee\\\/\"},{\"@type\":\"ListItem\",\"position\":2,\"name\":\"Investorile\"}]},{\"@type\":\"WebSite\",\"@id\":\"https:\\\/\\\/landen.ee\\\/#website\",\"url\":\"https:\\\/\\\/landen.ee\\\/\",\"name\":\"Landen kinnisvara\",\"description\":\"Uus vaatenurk kinnisvarale\",\"potentialAction\":[{\"@type\":\"SearchAction\",\"target\":{\"@type\":\"EntryPoint\",\"urlTemplate\":\"https:\\\/\\\/landen.ee\\\/?s={search_term_string}\"},\"query-input\":{\"@type\":\"PropertyValueSpecification\",\"valueRequired\":true,\"valueName\":\"search_term_string\"}}],\"inLanguage\":\"en-GB\"}]}<\/script>\n<!-- \/ Yoast SEO plugin. -->","yoast_head_json":{"title":"Investorile - Landen kinnisvara","description":"Investeeri Eesti kapitalil p\u00f5hinevasse arendusettev\u00f5ttesse. V\u00f5imalik teenida 10-15% aastatootlust. Summad alates 10 000\u20ac.","robots":{"index":"index","follow":"follow","max-snippet":"max-snippet:-1","max-image-preview":"max-image-preview:large","max-video-preview":"max-video-preview:-1"},"canonical":"https:\/\/landen.ee\/en\/investeeri-kinnisvarasse\/","og_locale":"en_GB","og_type":"article","og_title":"Investorile - Landen kinnisvara","og_description":"Investeeri Eesti kapitalil p\u00f5hinevasse arendusettev\u00f5ttesse. V\u00f5imalik teenida 10-15% aastatootlust. Summad alates 10 000\u20ac.","og_url":"https:\/\/landen.ee\/en\/investeeri-kinnisvarasse\/","og_site_name":"Landen kinnisvara","article_modified_time":"2026-04-30T11:09:06+00:00","twitter_card":"summary_large_image","twitter_misc":{"Estimated reading time":"1 minute"},"schema":{"@context":"https:\/\/schema.org","@graph":[{"@type":"WebPage","@id":"https:\/\/landen.ee\/investeeri-kinnisvarasse\/","url":"https:\/\/landen.ee\/investeeri-kinnisvarasse\/","name":"Investorile - Landen kinnisvara","isPartOf":{"@id":"https:\/\/landen.ee\/#website"},"datePublished":"2024-03-01T10:07:54+00:00","dateModified":"2026-04-30T11:09:06+00:00","description":"Investeeri Eesti kapitalil p\u00f5hinevasse arendusettev\u00f5ttesse. V\u00f5imalik teenida 10-15% aastatootlust. Summad alates 10 000\u20ac.","breadcrumb":{"@id":"https:\/\/landen.ee\/investeeri-kinnisvarasse\/#breadcrumb"},"inLanguage":"en-GB","potentialAction":[{"@type":"ReadAction","target":["https:\/\/landen.ee\/investeeri-kinnisvarasse\/"]}]},{"@type":"BreadcrumbList","@id":"https:\/\/landen.ee\/investeeri-kinnisvarasse\/#breadcrumb","itemListElement":[{"@type":"ListItem","position":1,"name":"Home","item":"https:\/\/landen.ee\/"},{"@type":"ListItem","position":2,"name":"Investorile"}]},{"@type":"WebSite","@id":"https:\/\/landen.ee\/#website","url":"https:\/\/landen.ee\/","name":"Landen kinnisvara","description":"A New Perspective on Real Estate","potentialAction":[{"@type":"SearchAction","target":{"@type":"EntryPoint","urlTemplate":"https:\/\/landen.ee\/?s={search_term_string}"},"query-input":{"@type":"PropertyValueSpecification","valueRequired":true,"valueName":"search_term_string"}}],"inLanguage":"en-GB"}]}},"_links":{"self":[{"href":"https:\/\/landen.ee\/en\/wp-json\/wp\/v2\/pages\/170","targetHints":{"allow":["GET"]}}],"collection":[{"href":"https:\/\/landen.ee\/en\/wp-json\/wp\/v2\/pages"}],"about":[{"href":"https:\/\/landen.ee\/en\/wp-json\/wp\/v2\/types\/page"}],"author":[{"embeddable":true,"href":"https:\/\/landen.ee\/en\/wp-json\/wp\/v2\/users\/2"}],"replies":[{"embeddable":true,"href":"https:\/\/landen.ee\/en\/wp-json\/wp\/v2\/comments?post=170"}],"version-history":[{"count":64,"href":"https:\/\/landen.ee\/en\/wp-json\/wp\/v2\/pages\/170\/revisions"}],"predecessor-version":[{"id":1086,"href":"https:\/\/landen.ee\/en\/wp-json\/wp\/v2\/pages\/170\/revisions\/1086"}],"wp:attachment":[{"href":"https:\/\/landen.ee\/en\/wp-json\/wp\/v2\/media?parent=170"}],"curies":[{"name":"wp","href":"https:\/\/api.w.org\/{rel}","templated":true}]}}