{"id":585,"date":"2024-09-23T12:41:24","date_gmt":"2024-09-23T12:41:24","guid":{"rendered":"https:\/\/landen.ee\/?page_id=585"},"modified":"2024-10-03T09:06:38","modified_gmt":"2024-10-03T09:06:38","slug":"meeskond","status":"publish","type":"page","link":"https:\/\/landen.ee\/en\/meeskond\/","title":{"rendered":"Our team"},"content":{"rendered":"<section class=\"bde-section-585-107 bde-section\">\n  \n  \n\t\n\n\n\n<div class=\"section-container\"><div class=\"bde-columns-585-108 bde-columns\"><div class=\"bde-column-585-109 bde-column\">\n  \n  \n\t\n\n\n\n<h1 class=\"bde-heading-585-111 bde-heading\">\nOur team\n<\/h1>\n<\/div><\/div><\/div>\n<\/section><section class=\"bde-section-585-113 bde-section\">\n  \n  \n\t\n\n\n\n<div class=\"section-container\"><div class=\"bde-columns-585-114 bde-columns\"><div class=\"bde-column-585-115 bde-column\">\n  \n  \n\t\n\n\n\n<div class=\"bde-rich-text-585-116 bde-rich-text breakdance-rich-text-styles\">\n<h3>Sten Uritam<\/h3>\n<\/div><div class=\"bde-rich-text-585-123 bde-rich-text breakdance-rich-text-styles\">\n<p><strong><span style=\"color: #000000;\">CEO<\/span><\/strong><\/p>\n<\/div><div class=\"bde-rich-text-585-127 bde-rich-text breakdance-rich-text-styles\">\n<p><strong>Email:<\/strong>\u00a0<a href=\"mailto:sten@landen.ee\">sten@landen.ee<\/a><\/p>\n<\/div><div class=\"bde-rich-text-585-126 bde-rich-text breakdance-rich-text-styles\">\n<div class=\"bde-rich-text-21-353 bde-rich-text breakdance-rich-text-styles\"><p><strong>Phone:<\/strong>\u00a0<a href=\"tel:  372 533 07 198\">+372 533 07 198<\/a><\/p><\/div>\n<\/div><div class=\"bde-rich-text-585-122 bde-rich-text breakdance-rich-text-styles\">\n<p>An experienced leader with a professional background in building energy efficiency and nearly 10 years of experience in real estate management and project design management. Sten's expertise allows him to focus on innovative and sustainable solutions in projects, while ensuring the highest quality.<\/p>\n<\/div>\n<\/div><div class=\"bde-column-585-120 bde-column\">\n              \n  \n  \n\t\n\n\n\n<div class=\"bde-image-585-121 bde-image\">\n<figure class=\"breakdance-image breakdance-image--590\">\n\t<div class=\"breakdance-image-container\">\n\t\t<div class=\"breakdance-image-clip\"><img loading=\"lazy\" decoding=\"async\" class=\"breakdance-image-object\" src=\"https:\/\/landen.ee\/wp-content\/uploads\/2024\/10\/19.png\" width=\"1080\" height=\"1080\" srcset=\"https:\/\/landen.ee\/wp-content\/uploads\/2024\/10\/19.png 1080w, https:\/\/landen.ee\/wp-content\/uploads\/2024\/10\/19-300x300.png 300w, https:\/\/landen.ee\/wp-content\/uploads\/2024\/10\/19-1024x1024.png 1024w, https:\/\/landen.ee\/wp-content\/uploads\/2024\/10\/19-150x150.png 150w, https:\/\/landen.ee\/wp-content\/uploads\/2024\/10\/19-768x768.png 768w, https:\/\/landen.ee\/wp-content\/uploads\/2024\/10\/19-12x12.png 12w\" sizes=\"auto, (max-width: 1080px) 100vw, 1080px\"><\/div>\n\t<\/div><\/figure>\n\n<\/div>\n<\/div><\/div><div class=\"bde-columns-585-193 bde-columns\"><div class=\"bde-column-585-194 bde-column\">\n              \n  \n  \n\t\n\n\n\n<div class=\"bde-image-585-196 bde-image\">\n<figure class=\"breakdance-image breakdance-image--610\">\n\t<div class=\"breakdance-image-container\">\n\t\t<div class=\"breakdance-image-clip\"><img loading=\"lazy\" decoding=\"async\" class=\"breakdance-image-object\" src=\"https:\/\/landen.ee\/wp-content\/uploads\/2024\/10\/20.png\" width=\"1080\" height=\"1080\" srcset=\"https:\/\/landen.ee\/wp-content\/uploads\/2024\/10\/20.png 1080w, https:\/\/landen.ee\/wp-content\/uploads\/2024\/10\/20-300x300.png 300w, https:\/\/landen.ee\/wp-content\/uploads\/2024\/10\/20-1024x1024.png 1024w, https:\/\/landen.ee\/wp-content\/uploads\/2024\/10\/20-150x150.png 150w, https:\/\/landen.ee\/wp-content\/uploads\/2024\/10\/20-768x768.png 768w, https:\/\/landen.ee\/wp-content\/uploads\/2024\/10\/20-12x12.png 12w\" sizes=\"auto, (max-width: 1080px) 100vw, 1080px\"><\/div>\n\t<\/div><\/figure>\n\n<\/div>\n<\/div><div class=\"bde-column-585-195 bde-column\">\n  \n  \n\t\n\n\n\n<div class=\"bde-rich-text-585-197 bde-rich-text breakdance-rich-text-styles\">\n<h3>Ivan Gavrilov<\/h3>\n<\/div><div class=\"bde-rich-text-585-198 bde-rich-text breakdance-rich-text-styles\">\n<p><strong><span style=\"color: #000000;\">Project Manager\u00a0<\/span><\/strong><\/p>\n<\/div><div class=\"bde-rich-text-585-199 bde-rich-text breakdance-rich-text-styles\">\n<p><strong>Email:<\/strong> <a href=\"mailto:ivan@landen.ee\">ivan@landen.ee <\/a><\/p>\n<\/div><div class=\"bde-rich-text-585-200 bde-rich-text breakdance-rich-text-styles\">\n<div class=\"bde-rich-text-21-353 bde-rich-text breakdance-rich-text-styles\"><p><strong>Phone: <\/strong><a href=\"tel: +372 533 07 410\">+372 533 07 410\u00a0<\/a><\/p><\/div>\n<\/div><div class=\"bde-rich-text-585-201 bde-rich-text breakdance-rich-text-styles\">\n<p>An architect, planner, and spatial solutions expert who has been active in the real estate sector since 2010. Ivan's extensive knowledge and experience enable him to create functional and inspiring environments that meet both client needs and modern standards.<\/p>\n<\/div>\n<\/div><\/div><div class=\"bde-columns-585-174 bde-columns\"><div class=\"bde-column-585-175 bde-column\">\n  \n  \n\t\n\n\n\n<div class=\"bde-rich-text-585-176 bde-rich-text breakdance-rich-text-styles\">\n<h3>Andero Mardo<\/h3>\n<\/div><div class=\"bde-rich-text-585-177 bde-rich-text breakdance-rich-text-styles\">\n<p><strong><span style=\"color: #000000;\">Head of Investor Relations\u00a0<\/span><\/strong><\/p>\n<\/div><div class=\"bde-rich-text-585-180 bde-rich-text breakdance-rich-text-styles\">\n<p>A real estate specialist active since 2009, with extensive experience in sales, marketing, development, project management, and leading a design company. Andero skillfully combines strategic thinking with practical expertise to create value for both the company and its partners.<\/p>\n<\/div>\n<\/div><div class=\"bde-column-585-181 bde-column\">\n              \n  \n  \n\t\n\n\n\n<div class=\"bde-image-585-182 bde-image\">\n<figure class=\"breakdance-image breakdance-image--616\">\n\t<div class=\"breakdance-image-container\">\n\t\t<div class=\"breakdance-image-clip\"><img loading=\"lazy\" decoding=\"async\" class=\"breakdance-image-object\" src=\"https:\/\/landen.ee\/wp-content\/uploads\/2024\/10\/21.png\" width=\"1080\" height=\"1080\" srcset=\"https:\/\/landen.ee\/wp-content\/uploads\/2024\/10\/21.png 1080w, https:\/\/landen.ee\/wp-content\/uploads\/2024\/10\/21-300x300.png 300w, https:\/\/landen.ee\/wp-content\/uploads\/2024\/10\/21-1024x1024.png 1024w, https:\/\/landen.ee\/wp-content\/uploads\/2024\/10\/21-150x150.png 150w, https:\/\/landen.ee\/wp-content\/uploads\/2024\/10\/21-768x768.png 768w, https:\/\/landen.ee\/wp-content\/uploads\/2024\/10\/21-12x12.png 12w\" sizes=\"auto, (max-width: 1080px) 100vw, 1080px\"><\/div>\n\t<\/div><\/figure>\n\n<\/div>\n<\/div><\/div><div class=\"bde-columns-585-211 bde-columns\"><div class=\"bde-column-585-212 bde-column\">\n              \n  \n  \n\t\n\n\n\n<div class=\"bde-image-585-213 bde-image\">\n<figure class=\"breakdance-image breakdance-image--618\">\n\t<div class=\"breakdance-image-container\">\n\t\t<div class=\"breakdance-image-clip\"><img loading=\"lazy\" decoding=\"async\" class=\"breakdance-image-object\" src=\"https:\/\/landen.ee\/wp-content\/uploads\/2024\/10\/22.png\" width=\"1080\" height=\"1080\" srcset=\"https:\/\/landen.ee\/wp-content\/uploads\/2024\/10\/22.png 1080w, https:\/\/landen.ee\/wp-content\/uploads\/2024\/10\/22-300x300.png 300w, https:\/\/landen.ee\/wp-content\/uploads\/2024\/10\/22-1024x1024.png 1024w, https:\/\/landen.ee\/wp-content\/uploads\/2024\/10\/22-150x150.png 150w, https:\/\/landen.ee\/wp-content\/uploads\/2024\/10\/22-768x768.png 768w, https:\/\/landen.ee\/wp-content\/uploads\/2024\/10\/22-12x12.png 12w\" sizes=\"auto, (max-width: 1080px) 100vw, 1080px\"><\/div>\n\t<\/div><\/figure>\n\n<\/div>\n<\/div><div class=\"bde-column-585-214 bde-column\">\n  \n  \n\t\n\n\n\n<div class=\"bde-rich-text-585-185 bde-rich-text breakdance-rich-text-styles\">\n<h3>Ilja Jevlanov<\/h3>\n<\/div><div class=\"bde-rich-text-585-186 bde-rich-text breakdance-rich-text-styles\">\n<p><strong><span style=\"color: #000000;\">Construction manager<\/span><\/strong><\/p>\n<\/div><div class=\"bde-rich-text-585-187 bde-rich-text breakdance-rich-text-styles\">\n<p>A civil engineer with over 15 years of experience in the construction field, deeply knowledgeable about all aspects of the building process and specialized in efficient and sustainable solutions. Ilja's expertise and dedication ensure that projects meet the highest standards of both quality and environmental sustainability.<\/p>\n<\/div>\n<\/div><\/div><\/div>\n<\/section>","protected":false},"excerpt":{"rendered":"<p>Meeskond Sten Uritam Tegevjuht E-post:\u00a0sten@landen.ee Tel:\u00a0+372 533 07 198 Kogenud juht, kellel on erialane taust hoonete energiat\u00f5hususe valdkonnas ning ligi 10-aastane kogemus kinnisvarahalduse ja projekteerimise juhtimises. Steni ekspertiis v\u00f5imaldab keskenduda projektides innovaatilistele ja j\u00e4tkusuutlikele lahendustele, tagades samal ajal k\u00f5rgeima kvaliteedi. Ivan Gavrilov Projektijuht\u00a0 E-post: ivan@landen.ee Tel: +372 533 07 410\u00a0 Arhitekt, planeerija ja ruumilahenduste ekspert, [&hellip;]<\/p>\n","protected":false},"author":2,"featured_media":0,"parent":0,"menu_order":0,"comment_status":"closed","ping_status":"closed","template":"","meta":{"_acf_changed":false,"_breakdance_hide_in_design_set":false,"_breakdance_tags":"","footnotes":""},"class_list":["post-585","page","type-page","status-publish","hentry"],"acf":[],"yoast_head":"<!-- This site is optimized with the Yoast SEO plugin v27.3 - https:\/\/yoast.com\/product\/yoast-seo-wordpress\/ -->\n<title>Meeskond - Landen kinnisvara<\/title>\n<meta name=\"robots\" content=\"index, follow, max-snippet:-1, max-image-preview:large, max-video-preview:-1\" \/>\n<link rel=\"canonical\" href=\"https:\/\/landen.ee\/en\/meeskond\/\" \/>\n<meta property=\"og:locale\" content=\"en_GB\" \/>\n<meta property=\"og:type\" content=\"article\" \/>\n<meta property=\"og:title\" content=\"Meeskond - Landen kinnisvara\" \/>\n<meta property=\"og:description\" content=\"Meeskond Sten Uritam Tegevjuht E-post:\u00a0sten@landen.ee Tel:\u00a0+372 533 07 198 Kogenud juht, kellel on erialane taust hoonete energiat\u00f5hususe valdkonnas ning ligi 10-aastane kogemus kinnisvarahalduse ja projekteerimise juhtimises. Steni ekspertiis v\u00f5imaldab keskenduda projektides innovaatilistele ja j\u00e4tkusuutlikele lahendustele, tagades samal ajal k\u00f5rgeima kvaliteedi. Ivan Gavrilov Projektijuht\u00a0 E-post: ivan@landen.ee Tel: +372 533 07 410\u00a0 Arhitekt, planeerija ja ruumilahenduste ekspert, [&hellip;]\" \/>\n<meta property=\"og:url\" content=\"https:\/\/landen.ee\/en\/meeskond\/\" \/>\n<meta property=\"og:site_name\" content=\"Landen kinnisvara\" \/>\n<meta property=\"article:modified_time\" content=\"2024-10-03T09:06:38+00:00\" \/>\n<meta name=\"twitter:card\" content=\"summary_large_image\" \/>\n<script type=\"application\/ld+json\" class=\"yoast-schema-graph\">{\"@context\":\"https:\\\/\\\/schema.org\",\"@graph\":[{\"@type\":\"WebPage\",\"@id\":\"https:\\\/\\\/landen.ee\\\/meeskond\\\/\",\"url\":\"https:\\\/\\\/landen.ee\\\/meeskond\\\/\",\"name\":\"Meeskond - Landen kinnisvara\",\"isPartOf\":{\"@id\":\"https:\\\/\\\/landen.ee\\\/#website\"},\"datePublished\":\"2024-09-23T12:41:24+00:00\",\"dateModified\":\"2024-10-03T09:06:38+00:00\",\"breadcrumb\":{\"@id\":\"https:\\\/\\\/landen.ee\\\/meeskond\\\/#breadcrumb\"},\"inLanguage\":\"en-GB\",\"potentialAction\":[{\"@type\":\"ReadAction\",\"target\":[\"https:\\\/\\\/landen.ee\\\/meeskond\\\/\"]}]},{\"@type\":\"BreadcrumbList\",\"@id\":\"https:\\\/\\\/landen.ee\\\/meeskond\\\/#breadcrumb\",\"itemListElement\":[{\"@type\":\"ListItem\",\"position\":1,\"name\":\"Home\",\"item\":\"https:\\\/\\\/landen.ee\\\/\"},{\"@type\":\"ListItem\",\"position\":2,\"name\":\"Meeskond\"}]},{\"@type\":\"WebSite\",\"@id\":\"https:\\\/\\\/landen.ee\\\/#website\",\"url\":\"https:\\\/\\\/landen.ee\\\/\",\"name\":\"Landen kinnisvara\",\"description\":\"Uus vaatenurk kinnisvarale\",\"potentialAction\":[{\"@type\":\"SearchAction\",\"target\":{\"@type\":\"EntryPoint\",\"urlTemplate\":\"https:\\\/\\\/landen.ee\\\/?s={search_term_string}\"},\"query-input\":{\"@type\":\"PropertyValueSpecification\",\"valueRequired\":true,\"valueName\":\"search_term_string\"}}],\"inLanguage\":\"en-GB\"}]}<\/script>\n<!-- \/ Yoast SEO plugin. -->","yoast_head_json":{"title":"Meeskond - Landen kinnisvara","robots":{"index":"index","follow":"follow","max-snippet":"max-snippet:-1","max-image-preview":"max-image-preview:large","max-video-preview":"max-video-preview:-1"},"canonical":"https:\/\/landen.ee\/en\/meeskond\/","og_locale":"en_GB","og_type":"article","og_title":"Meeskond - Landen kinnisvara","og_description":"Meeskond Sten Uritam Tegevjuht E-post:\u00a0sten@landen.ee Tel:\u00a0+372 533 07 198 Kogenud juht, kellel on erialane taust hoonete energiat\u00f5hususe valdkonnas ning ligi 10-aastane kogemus kinnisvarahalduse ja projekteerimise juhtimises. Steni ekspertiis v\u00f5imaldab keskenduda projektides innovaatilistele ja j\u00e4tkusuutlikele lahendustele, tagades samal ajal k\u00f5rgeima kvaliteedi. Ivan Gavrilov Projektijuht\u00a0 E-post: ivan@landen.ee Tel: +372 533 07 410\u00a0 Arhitekt, planeerija ja ruumilahenduste ekspert, [&hellip;]","og_url":"https:\/\/landen.ee\/en\/meeskond\/","og_site_name":"Landen kinnisvara","article_modified_time":"2024-10-03T09:06:38+00:00","twitter_card":"summary_large_image","schema":{"@context":"https:\/\/schema.org","@graph":[{"@type":"WebPage","@id":"https:\/\/landen.ee\/meeskond\/","url":"https:\/\/landen.ee\/meeskond\/","name":"Meeskond - Landen kinnisvara","isPartOf":{"@id":"https:\/\/landen.ee\/#website"},"datePublished":"2024-09-23T12:41:24+00:00","dateModified":"2024-10-03T09:06:38+00:00","breadcrumb":{"@id":"https:\/\/landen.ee\/meeskond\/#breadcrumb"},"inLanguage":"en-GB","potentialAction":[{"@type":"ReadAction","target":["https:\/\/landen.ee\/meeskond\/"]}]},{"@type":"BreadcrumbList","@id":"https:\/\/landen.ee\/meeskond\/#breadcrumb","itemListElement":[{"@type":"ListItem","position":1,"name":"Home","item":"https:\/\/landen.ee\/"},{"@type":"ListItem","position":2,"name":"Meeskond"}]},{"@type":"WebSite","@id":"https:\/\/landen.ee\/#website","url":"https:\/\/landen.ee\/","name":"Landen kinnisvara","description":"A New Perspective on Real Estate","potentialAction":[{"@type":"SearchAction","target":{"@type":"EntryPoint","urlTemplate":"https:\/\/landen.ee\/?s={search_term_string}"},"query-input":{"@type":"PropertyValueSpecification","valueRequired":true,"valueName":"search_term_string"}}],"inLanguage":"en-GB"}]}},"_links":{"self":[{"href":"https:\/\/landen.ee\/en\/wp-json\/wp\/v2\/pages\/585","targetHints":{"allow":["GET"]}}],"collection":[{"href":"https:\/\/landen.ee\/en\/wp-json\/wp\/v2\/pages"}],"about":[{"href":"https:\/\/landen.ee\/en\/wp-json\/wp\/v2\/types\/page"}],"author":[{"embeddable":true,"href":"https:\/\/landen.ee\/en\/wp-json\/wp\/v2\/users\/2"}],"replies":[{"embeddable":true,"href":"https:\/\/landen.ee\/en\/wp-json\/wp\/v2\/comments?post=585"}],"version-history":[{"count":51,"href":"https:\/\/landen.ee\/en\/wp-json\/wp\/v2\/pages\/585\/revisions"}],"predecessor-version":[{"id":651,"href":"https:\/\/landen.ee\/en\/wp-json\/wp\/v2\/pages\/585\/revisions\/651"}],"wp:attachment":[{"href":"https:\/\/landen.ee\/en\/wp-json\/wp\/v2\/media?parent=585"}],"curies":[{"name":"wp","href":"https:\/\/api.w.org\/{rel}","templated":true}]}}